{"id":618,"date":"2015-10-21T07:42:32","date_gmt":"2015-10-21T07:42:32","guid":{"rendered":"http:\/\/logistics.stylemixthemes.com\/demo\/?page_id=2"},"modified":"2021-09-21T07:41:46","modified_gmt":"2021-09-21T07:41:46","slug":"inicio","status":"publish","type":"page","link":"https:\/\/mochuelojam.com\/","title":{"rendered":"Inicio"},"content":{"rendered":"<p>[vc_row full_width=\u00bbstretch_row_content_no_spaces\u00bb css=\u00bb.vc_custom_1445941555299{margin-bottom: 0px !important;}\u00bb][vc_column offset=\u00bbvc_hidden-xs\u00bb][rev_slider_vc alias=\u00bbmain_slider\u00bb][\/vc_column][\/vc_row][vc_row][vc_column offset=\u00bbvc_hidden-lg vc_hidden-md vc_hidden-sm\u00bb][rev_slider_vc alias=\u00bbmain_slider1&#8243;][\/vc_column][\/vc_row][vc_row full_width=\u00bbstretch_row\u00bb el_class=\u00bbbase_bg_color no_overflow_hidden\u00bb css=\u00bb.vc_custom_1448432556856{margin-bottom: 80px !important;}\u00bb][vc_column width=\u00bb1\/4&#8243; offset=\u00bbvc_hidden-xs\u00bb][stm_rev_slider_nav title=\u00bbRutas Provinciales\u00bb icon=\u00bbstm-transport862&#8243; slide_number=\u00bb1&#8243;][\/vc_column][vc_column width=\u00bb1\/4&#8243; offset=\u00bbvc_hidden-xs\u00bb][stm_rev_slider_nav title=\u00bbDirectos Express\u00bb icon=\u00bbstm-transport842&#8243; slide_number=\u00bb2&#8243;][\/vc_column][vc_column width=\u00bb1\/4&#8243; offset=\u00bbvc_hidden-xs\u00bb][stm_rev_slider_nav title=\u00bbMercanc\u00eda Paletizada\u00bb icon=\u00bbpallets3-palet4&#8243; slide_number=\u00bb3&#8243; icon_height=\u00bb75&#8243;][\/vc_column][vc_column width=\u00bb1\/4&#8243; offset=\u00bbvc_hidden-xs\u00bb][stm_rev_slider_nav title=\u00bbAlmacenaje\u00bb icon=\u00bbstm-warehouse\u00bb slide_number=\u00bb4&#8243;][\/vc_column][\/vc_row][vc_row el_class=\u00bbtexto_inicio\u00bb][vc_column width=\u00bb1\/2&#8243;][vc_column_text el_class=\u00bbtexto_margen ini\u00bb]<\/p>\n<h2><span style=\"font-weight: 300;\">Mochuelo Jam<\/span><\/h2>\n<p>Paqueter\u00eda, distribuci\u00f3n, servicios directos, almacenamiento, log\u00edstica y valijas en <strong>Soria<\/strong> y toda la pen\u00ednsula.<\/p>\n<p>En <strong>Mochuelo Jam<\/strong> disponemos de gran diversidad de veh\u00edculos y podemos adaptarnos por completo a sus necesidades. Furgonetas, camiones y trailers. Un servicio r\u00e1pido puerta a puerta\u00a0con personal con alta experiencia en reparto.<br \/>\nSi Usted necesita entregar algo, ll\u00e1menos. 975 230 151.[\/vc_column_text][\/vc_column][vc_column width=\u00bb1\/2&#8243; el_class=\u00bbvideo_inicio\u00bb][stm_video_popup image=\u00bb1379&#8243; video=\u00bbhttps:\/\/player.vimeo.com\/video\/202169319?autoplay=1&#8243;][\/vc_column][\/vc_row][vc_row full_width=\u00bbstretch_row\u00bb css=\u00bb.vc_custom_1487095543415{margin-top: 100px !important;margin-bottom: 0px !important;padding-top: 80px !important;padding-bottom: 80px !important;}\u00bb el_class=\u00bbbase_bg_color\u00bb][vc_column][stm_services posts_per_page=\u00bb3&#8243; autoplay=\u00bbyes\u00bb loop=\u00bbyes\u00bb items_normal=\u00bb\u00bb items_small=\u00bb\u00bb]<\/p>\n<div class=\"texto_margen\">\n<h2><span style=\"color: #ffffff; font-weight: 300;\">Nuestros Servicios<\/span><\/h2>\n<p><span style=\"color: rgba(255,255,255,.5);\">Desde Mochuelo Jam ponemos a disposici\u00f3n de nuestros clientes una amplia variedad de servicios para cubrir todas sus necesidades de transporte, log\u00edstica y almacenaje de sus mercanc\u00edas.<\/span><\/p>\n<\/div>\n<p>[\/stm_services][\/vc_column][\/vc_row][vc_row full_width=\u00bbstretch_row\u00bb equal_height=\u00bbyes\u00bb parallax=\u00bbcontent-moving\u00bb parallax_image=\u00bb1622&#8243; css=\u00bb.vc_custom_1487146005662{margin-bottom: 80px !important;padding-top: 30px !important;padding-bottom: 30px !important;}\u00bb][vc_column css=\u00bb.vc_custom_1450330273622{padding-top: 60px !important;padding-right: 0px !important;padding-bottom: 60px !important;}\u00bb][vc_custom_heading text=\u00bb\u00bfEstas interesado en alguno de nuestros servicios?\u00bb font_container=\u00bbtag:h2|text_align:center|color:%23ffffff\u00bb use_theme_fonts=\u00bbyes\u00bb el_class=\u00bbbase_font_color heading_without_line\u00bb][vc_column_text]<\/p>\n<p class=\"western\" style=\"text-align: center;\"><span style=\"color: #ffffff;\">Contacta con nosotros y pondremos a tu disposici\u00f3n informacion detallada de los servicios que m\u00e1s se ajusten a tus necesidades<\/span><\/p>\n<p>[\/vc_column_text][vc_btn title=\u00bbContacta ahora\u00bb style=\u00bbflat\u00bb shape=\u00bbround\u00bb color=\u00bbtheme_style_3&#8243; align=\u00bbcenter\u00bb i_align=\u00bbright\u00bb i_icon_fontawesome=\u00bbstm-arrow-next\u00bb add_icon=\u00bbtrue\u00bb link=\u00bburl:http%3A%2F%2Fmochuelojam.com%2Findex.php%2Fcontacts%2F|title:Contacto||\u00bb][\/vc_column][\/vc_row][vc_row][vc_column][vc_column_text]<\/p>\n<div class=\"texto_margen\">\n<h3>NUESTRAS EMPRESAS ASOCIADAS<\/h3>\n<\/div>\n<p>[\/vc_column_text][stm_image_carousel grayscale=\u00bbyes\u00bb img_size=\u00bbfull\u00bb autoplay=\u00bbyes\u00bb loop=\u00bbyes\u00bb items=\u00bb4&#8243; items_small_desktop=\u00bb3&#8243; items_tablet=\u00bb3&#8243; items_mobile=\u00bb2&#8243; images=\u00bb1432,1443,1425,1449,1441,1429,1427,1821,1822,1823&#8243; css=\u00bb.vc_custom_1621844868527{margin-bottom: 80px !important;}\u00bb][\/vc_column][\/vc_row][vc_row full_width=\u00bbstretch_row_content_no_spaces\u00bb el_class=\u00bbruta-madrid\u00bb][vc_column][vc_column_text el_class=\u00bbruta-madrid-txt\u00bb]<\/p>\n<p class=\"ruta-madrid-title\">RUTA DIARIA<br \/>\nSORIA &#8211; MADRID<\/p>\n<p class=\"western\">Cubrimos la ruta<br \/>\nSoria \u2013 Siguenza \u2013 Guadalajara \u2013 Madrid<br \/>\ntodos los d\u00edas con salida a las 15:00 horas.<\/p>\n<p><a class=\"vc_general vc_btn3 vc_btn3-size-md vc_btn3-shape-round vc_btn3-style-flat vc_btn3-icon-right vc_btn3-color-theme_style_3\" title=\"Contacto\" href=\"https:\/\/mochuelojam.com\/index.php\/contacts\/\">Inf\u00f3rmate <i class=\"vc_btn3-icon stm-arrow-next\"><\/i><\/a>[\/vc_column_text][\/vc_column][\/vc_row]<\/p>\n","protected":false},"excerpt":{"rendered":"<p>[vc_row full_width=\u00bbstretch_row_content_no_spaces\u00bb css=\u00bb.vc_custom_1445941555299{margin-bottom: 0px !important;}\u00bb][vc_column offset=\u00bbvc_hidden-xs\u00bb][rev_slider_vc alias=\u00bbmain_slider\u00bb][\/vc_column][\/vc_row][vc_row][vc_column offset=\u00bbvc_hidden-lg vc_hidden-md vc_hidden-sm\u00bb][rev_slider_vc alias=\u00bbmain_slider1&#8243;][\/vc_column][\/vc_row][vc_row full_width=\u00bbstretch_row\u00bb el_class=\u00bbbase_bg_color no_overflow_hidden\u00bb css=\u00bb.vc_custom_1448432556856{margin-bottom: 80px !important;}\u00bb][vc_column width=\u00bb1\/4&#8243; offset=\u00bbvc_hidden-xs\u00bb][stm_rev_slider_nav title=\u00bbRutas Provinciales\u00bb icon=\u00bbstm-transport862&#8243; slide_number=\u00bb1&#8243;][\/vc_column][vc_column width=\u00bb1\/4&#8243; offset=\u00bbvc_hidden-xs\u00bb][stm_rev_slider_nav title=\u00bbDirectos Express\u00bb icon=\u00bbstm-transport842&#8243; slide_number=\u00bb2&#8243;][\/vc_column][vc_column width=\u00bb1\/4&#8243; offset=\u00bbvc_hidden-xs\u00bb][stm_rev_slider_nav title=\u00bbMercanc\u00eda Paletizada\u00bb&#8230;<\/p>\n","protected":false},"author":1,"featured_media":0,"parent":0,"menu_order":0,"comment_status":"closed","ping_status":"open","template":"","meta":{"footnotes":""},"class_list":["post-618","page","type-page","status-publish","hentry"],"yoast_head":"<!-- This site is optimized with the Yoast SEO plugin v27.2 - https:\/\/yoast.com\/product\/yoast-seo-wordpress\/ -->\n<title>Inicio - Mochuelo Jam<\/title>\n<meta name=\"description\" content=\"Mochuelo Jam Paqueter\u00eda, distribuci\u00f3n, servicios directos, almacenamiento, log\u00edstica y valijas en Soria y toda la pen\u00ednsula\" \/>\n<meta name=\"robots\" content=\"index, follow, max-snippet:-1, max-image-preview:large, max-video-preview:-1\" \/>\n<link rel=\"canonical\" href=\"https:\/\/mochuelojam.com\/\" \/>\n<meta property=\"og:locale\" content=\"es_ES\" \/>\n<meta property=\"og:type\" content=\"article\" \/>\n<meta property=\"og:title\" content=\"Inicio - Mochuelo Jam\" \/>\n<meta property=\"og:description\" content=\"Mochuelo Jam Paqueter\u00eda, distribuci\u00f3n, servicios directos, almacenamiento, log\u00edstica y valijas en Soria y toda la pen\u00ednsula\" \/>\n<meta property=\"og:url\" content=\"https:\/\/mochuelojam.com\/\" \/>\n<meta property=\"og:site_name\" content=\"Mochuelo Jam\" \/>\n<meta property=\"article:modified_time\" content=\"2021-09-21T07:41:46+00:00\" \/>\n<meta name=\"twitter:card\" content=\"summary_large_image\" \/>\n<meta name=\"twitter:label1\" content=\"Tiempo de lectura\" \/>\n\t<meta name=\"twitter:data1\" content=\"3 minutos\" \/>\n<script type=\"application\/ld+json\" class=\"yoast-schema-graph\">{\"@context\":\"https:\/\/schema.org\",\"@graph\":[{\"@type\":\"WebPage\",\"@id\":\"https:\/\/mochuelojam.com\/\",\"url\":\"https:\/\/mochuelojam.com\/\",\"name\":\"Inicio - Mochuelo Jam\",\"isPartOf\":{\"@id\":\"https:\/\/mochuelojam.com\/#website\"},\"datePublished\":\"2015-10-21T07:42:32+00:00\",\"dateModified\":\"2021-09-21T07:41:46+00:00\",\"description\":\"Mochuelo Jam Paqueter\u00eda, distribuci\u00f3n, servicios directos, almacenamiento, log\u00edstica y valijas en Soria y toda la pen\u00ednsula\",\"breadcrumb\":{\"@id\":\"https:\/\/mochuelojam.com\/#breadcrumb\"},\"inLanguage\":\"es\",\"potentialAction\":[{\"@type\":\"ReadAction\",\"target\":[\"https:\/\/mochuelojam.com\/\"]}]},{\"@type\":\"BreadcrumbList\",\"@id\":\"https:\/\/mochuelojam.com\/#breadcrumb\",\"itemListElement\":[{\"@type\":\"ListItem\",\"position\":1,\"name\":\"Portada\",\"item\":\"https:\/\/mochuelojam.com\/\"},{\"@type\":\"ListItem\",\"position\":2,\"name\":\"Inicio\"}]},{\"@type\":\"WebSite\",\"@id\":\"https:\/\/mochuelojam.com\/#website\",\"url\":\"https:\/\/mochuelojam.com\/\",\"name\":\"Mochuelo Jam\",\"description\":\"Empresa de transportes\",\"potentialAction\":[{\"@type\":\"SearchAction\",\"target\":{\"@type\":\"EntryPoint\",\"urlTemplate\":\"https:\/\/mochuelojam.com\/?s={search_term_string}\"},\"query-input\":{\"@type\":\"PropertyValueSpecification\",\"valueRequired\":true,\"valueName\":\"search_term_string\"}}],\"inLanguage\":\"es\"}]}<\/script>\n<!-- \/ Yoast SEO plugin. -->","yoast_head_json":{"title":"Inicio - Mochuelo Jam","description":"Mochuelo Jam Paqueter\u00eda, distribuci\u00f3n, servicios directos, almacenamiento, log\u00edstica y valijas en Soria y toda la pen\u00ednsula","robots":{"index":"index","follow":"follow","max-snippet":"max-snippet:-1","max-image-preview":"max-image-preview:large","max-video-preview":"max-video-preview:-1"},"canonical":"https:\/\/mochuelojam.com\/","og_locale":"es_ES","og_type":"article","og_title":"Inicio - Mochuelo Jam","og_description":"Mochuelo Jam Paqueter\u00eda, distribuci\u00f3n, servicios directos, almacenamiento, log\u00edstica y valijas en Soria y toda la pen\u00ednsula","og_url":"https:\/\/mochuelojam.com\/","og_site_name":"Mochuelo Jam","article_modified_time":"2021-09-21T07:41:46+00:00","twitter_card":"summary_large_image","twitter_misc":{"Tiempo de lectura":"3 minutos"},"schema":{"@context":"https:\/\/schema.org","@graph":[{"@type":"WebPage","@id":"https:\/\/mochuelojam.com\/","url":"https:\/\/mochuelojam.com\/","name":"Inicio - Mochuelo Jam","isPartOf":{"@id":"https:\/\/mochuelojam.com\/#website"},"datePublished":"2015-10-21T07:42:32+00:00","dateModified":"2021-09-21T07:41:46+00:00","description":"Mochuelo Jam Paqueter\u00eda, distribuci\u00f3n, servicios directos, almacenamiento, log\u00edstica y valijas en Soria y toda la pen\u00ednsula","breadcrumb":{"@id":"https:\/\/mochuelojam.com\/#breadcrumb"},"inLanguage":"es","potentialAction":[{"@type":"ReadAction","target":["https:\/\/mochuelojam.com\/"]}]},{"@type":"BreadcrumbList","@id":"https:\/\/mochuelojam.com\/#breadcrumb","itemListElement":[{"@type":"ListItem","position":1,"name":"Portada","item":"https:\/\/mochuelojam.com\/"},{"@type":"ListItem","position":2,"name":"Inicio"}]},{"@type":"WebSite","@id":"https:\/\/mochuelojam.com\/#website","url":"https:\/\/mochuelojam.com\/","name":"Mochuelo Jam","description":"Empresa de transportes","potentialAction":[{"@type":"SearchAction","target":{"@type":"EntryPoint","urlTemplate":"https:\/\/mochuelojam.com\/?s={search_term_string}"},"query-input":{"@type":"PropertyValueSpecification","valueRequired":true,"valueName":"search_term_string"}}],"inLanguage":"es"}]}},"_links":{"self":[{"href":"https:\/\/mochuelojam.com\/index.php\/wp-json\/wp\/v2\/pages\/618","targetHints":{"allow":["GET"]}}],"collection":[{"href":"https:\/\/mochuelojam.com\/index.php\/wp-json\/wp\/v2\/pages"}],"about":[{"href":"https:\/\/mochuelojam.com\/index.php\/wp-json\/wp\/v2\/types\/page"}],"author":[{"embeddable":true,"href":"https:\/\/mochuelojam.com\/index.php\/wp-json\/wp\/v2\/users\/1"}],"replies":[{"embeddable":true,"href":"https:\/\/mochuelojam.com\/index.php\/wp-json\/wp\/v2\/comments?post=618"}],"version-history":[{"count":100,"href":"https:\/\/mochuelojam.com\/index.php\/wp-json\/wp\/v2\/pages\/618\/revisions"}],"predecessor-version":[{"id":1830,"href":"https:\/\/mochuelojam.com\/index.php\/wp-json\/wp\/v2\/pages\/618\/revisions\/1830"}],"wp:attachment":[{"href":"https:\/\/mochuelojam.com\/index.php\/wp-json\/wp\/v2\/media?parent=618"}],"curies":[{"name":"wp","href":"https:\/\/api.w.org\/{rel}","templated":true}]}}